{"id":110,"date":"2019-06-27T13:05:55","date_gmt":"2019-06-27T11:05:55","guid":{"rendered":"https:\/\/lautrecompagnie.be\/wp\/contact\/"},"modified":"2025-09-15T16:46:12","modified_gmt":"2025-09-15T14:46:12","slug":"contact","status":"publish","type":"page","link":"https:\/\/lautrecompagnie.be\/en\/contact\/","title":{"rendered":"contact"},"content":{"rendered":"<div class=\"wp-block-image\">\n<figure class=\"alignleft is-resized\"><img decoding=\"async\" src=\"https:\/\/lautrecompagnie.be\/wp\/assets\/uploads\/2019\/06\/autrecie-contact.svg\" alt=\"\" class=\"wp-image-10\" style=\"width:184px;height:61px\"\/><\/figure>\n<\/div>\n\n\n<h4 class=\"wp-block-heading\" id=\"mce_2\">LA HULPE \/ BELGIUM<\/h4>\n\n\n\n<iframe loading=\"lazy\" src=\"https:\/\/www.google.com\/maps\/embed?pb=!1m18!1m12!1m3!1d2525.508154255013!2d4.466787216478706!3d50.72906337502997!2m3!1f0!2f0!3f0!3m2!1i1024!2i768!4f13.1!3m3!1m2!1s0x47c3d0dd34539997%3A0xfc4f82a3774045b1!2sBUZZY+NEST!5e0!3m2!1sfr!2sfr!4v1563642374879!5m2!1sfr!2sfr\" width=\"826\" height=\"300\" frameborder=\"0\" style=\"border:0\" allowfullscreen=\"\"><\/iframe>\n\n\n\n<div class=\"wp-block-columns has-3-columns is-layout-flex wp-container-core-columns-is-layout-9d6595d7 wp-block-columns-is-layout-flex\">\n<div class=\"wp-block-column is-layout-flow wp-block-column-is-layout-flow\">\n<p>Nysdam Park<br>c\/o BUZZYNEST<br>Avenue Reine Astrid, 92<br>1310 LA HULPE<br>+32 26 34 18 46<\/p>\n<\/div>\n\n\n\n<div class=\"wp-block-column is-layout-flow wp-block-column-is-layout-flow\">\n<p>St\u00e9phane Bidault<br>VFX Surpervisor<br><a href=\"mailto:stef@lautrecompagnie.be\">stef@lautrecompagnie.be<\/a><br> +33 6 11 64 62 39<\/p>\n<\/div>\n\n\n\n<div class=\"wp-block-column is-layout-flow wp-block-column-is-layout-flow\">\n<p>Claire Roche Toussaint<br>VFX Producer<br><a href=\"mailto:claire@lautrecompagnie.be\">claire@lautrecompagnie.be<\/a><br>+33 6 33 35 32 19<\/p>\n<\/div>\n<\/div>\n\n\n\n<p>AutreCompagnie is always looking for new talented computer graphics experts, you can send us your CV<br>and showreels by mail <a href=\"mailto:contact@lautrecompagnie.be\">contact@lautrecompagnie.be<\/a>.<\/p>\n\n\n\n<p>&nbsp;<\/p>\n\n\n\n<h4 class=\"wp-block-heading\">OUR PARTNERS<\/h4>\n\n\n\n<div class=\"wp-block-columns has-3-columns is-layout-flex wp-container-core-columns-is-layout-9d6595d7 wp-block-columns-is-layout-flex\">\n<div class=\"wp-block-column is-layout-flow wp-block-column-is-layout-flow\">\n<p>Paris \/ France<\/p>\n\n\n<div class=\"wp-block-image\">\n<figure class=\"alignleft\"><a href=\"https:\/\/www.autrechose.fr\/\" target=\"_blank\" rel=\"noreferrer noopener\"><img decoding=\"async\" src=\"https:\/\/lautrecompagnie.be\/wp\/assets\/uploads\/2019\/06\/logo-autre-chose.svg\" alt=\"\" class=\"wp-image-20\"\/><\/a><\/figure>\n<\/div><\/div>\n\n\n\n<div class=\"wp-block-column is-layout-flow wp-block-column-is-layout-flow\">\n<p>Kehlen \/ Luxembourg<\/p>\n\n\n<div class=\"wp-block-image\">\n<figure class=\"alignleft\"><a href=\"https:\/\/luxdigital.lu\/\" target=\"_blank\" rel=\"noreferrer noopener\"><img decoding=\"async\" src=\"https:\/\/www.autrechose.fr\/wp-content\/uploads\/2019\/06\/autrechose-lux-contact.svg\" alt=\"\" class=\"wp-image-336\"\/><\/a><\/figure>\n<\/div>\n\n\n<p><\/p>\n<\/div>\n\n\n\n<div class=\"wp-block-column is-layout-flow wp-block-column-is-layout-flow\">\n<p>Brussels \/ Belgium<\/p>\n\n\n<div class=\"wp-block-image\">\n<figure class=\"alignleft\"><a href=\"https:\/\/bedigital.be\" target=\"_blank\" rel=\"noreferrer noopener\"><img decoding=\"async\" src=\"https:\/\/lautrecompagnie.be\/wp\/assets\/uploads\/2019\/06\/autrechose-be-contact.svg\" alt=\"\" class=\"wp-image-6\"\/><\/a><\/figure>\n<\/div><\/div>\n<\/div>\n\n\n<ul class=\"socials-links\"><li><a href=\"https:\/\/fr-fr.facebook.com\/autrechose.vfx\/about\/\" class=\"icon-facebook\"><\/a><\/li><li><a href=\"https:\/\/vimeo.com\/autrechose\" class=\"icon-vimeo\"><\/a><\/li><li><a href=\"https:\/\/fr.linkedin.com\/company\/autrechose\" class=\"icon-linkedin\"><\/a><\/li><\/ul>","protected":false},"excerpt":{"rendered":"<p>LA HULPE \/ BELGIUM Nysdam Parkc\/o BUZZYNESTAvenue Reine Astrid, 921310 LA HULPE+32 26 34 18 46 St\u00e9phane BidaultVFX Surpervisorstef@lautrecompagnie.be +33 6 11 64 62 39 Claire Roche ToussaintVFX Producerclaire@lautrecompagnie.be+33 6 33 35 32 19 AutreCompagnie is always looking for new talented computer graphics experts, you can send us your CVand showreels by mail contact@lautrecompagnie.be. &nbsp; [&hellip;]<\/p>\n","protected":false},"author":2,"featured_media":0,"parent":0,"menu_order":0,"comment_status":"closed","ping_status":"closed","template":"contact.php","meta":{"_acf_changed":false,"footnotes":""},"class_list":["post-110","page","type-page","status-publish","hentry"],"acf":[],"yoast_head":"<!-- This site is optimized with the Yoast SEO plugin v27.4 - https:\/\/yoast.com\/product\/yoast-seo-wordpress\/ -->\n<title>contact - L&#039;Autre Compagnie<\/title>\n<meta name=\"description\" content=\"L\u2019Autre Compagnie est une structure de post-production sp\u00e9cialis\u00e9e dans la r\u00e9alisation d\u2019effets sp\u00e9ciaux num\u00e9riques. L\u2019Autre Compagnie et ses infographistes 2D &amp; 3D vous accompagnent dans l\u2019\u00e9tude, la supervision et la r\u00e9alisation de vos effets sp\u00e9ciaux num\u00e9riques.\" \/>\n<meta name=\"robots\" content=\"index, follow, max-snippet:-1, max-image-preview:large, max-video-preview:-1\" \/>\n<link rel=\"canonical\" href=\"https:\/\/lautrecompagnie.be\/en\/contact\/\" \/>\n<meta property=\"og:locale\" content=\"en_US\" \/>\n<meta property=\"og:type\" content=\"article\" \/>\n<meta property=\"og:title\" content=\"contact - L&#039;Autre Compagnie\" \/>\n<meta property=\"og:description\" content=\"L\u2019Autre Compagnie est une structure de post-production sp\u00e9cialis\u00e9e dans la r\u00e9alisation d\u2019effets sp\u00e9ciaux num\u00e9riques. L\u2019Autre Compagnie et ses infographistes 2D &amp; 3D vous accompagnent dans l\u2019\u00e9tude, la supervision et la r\u00e9alisation de vos effets sp\u00e9ciaux num\u00e9riques.\" \/>\n<meta property=\"og:url\" content=\"https:\/\/lautrecompagnie.be\/en\/contact\/\" \/>\n<meta property=\"og:site_name\" content=\"L&#039;Autre Compagnie\" \/>\n<meta property=\"article:modified_time\" content=\"2025-09-15T14:46:12+00:00\" \/>\n<meta name=\"twitter:card\" content=\"summary_large_image\" \/>\n<meta name=\"twitter:label1\" content=\"Est. reading time\" \/>\n\t<meta name=\"twitter:data1\" content=\"2 minutes\" \/>\n<script type=\"application\/ld+json\" class=\"yoast-schema-graph\">{\"@context\":\"https:\\\/\\\/schema.org\",\"@graph\":[{\"@type\":\"WebPage\",\"@id\":\"https:\\\/\\\/lautrecompagnie.be\\\/en\\\/contact\\\/\",\"url\":\"https:\\\/\\\/lautrecompagnie.be\\\/en\\\/contact\\\/\",\"name\":\"contact - L&#039;Autre Compagnie\",\"isPartOf\":{\"@id\":\"https:\\\/\\\/lautrecompagnie.be\\\/en\\\/#website\"},\"primaryImageOfPage\":{\"@id\":\"https:\\\/\\\/lautrecompagnie.be\\\/en\\\/contact\\\/#primaryimage\"},\"image\":{\"@id\":\"https:\\\/\\\/lautrecompagnie.be\\\/en\\\/contact\\\/#primaryimage\"},\"thumbnailUrl\":\"https:\\\/\\\/lautrecompagnie.be\\\/wp\\\/assets\\\/uploads\\\/2019\\\/06\\\/autrecie-contact.svg\",\"datePublished\":\"2019-06-27T11:05:55+00:00\",\"dateModified\":\"2025-09-15T14:46:12+00:00\",\"description\":\"L\u2019Autre Compagnie est une structure de post-production sp\u00e9cialis\u00e9e dans la r\u00e9alisation d\u2019effets sp\u00e9ciaux num\u00e9riques. L\u2019Autre Compagnie et ses infographistes 2D & 3D vous accompagnent dans l\u2019\u00e9tude, la supervision et la r\u00e9alisation de vos effets sp\u00e9ciaux num\u00e9riques.\",\"breadcrumb\":{\"@id\":\"https:\\\/\\\/lautrecompagnie.be\\\/en\\\/contact\\\/#breadcrumb\"},\"inLanguage\":\"en-US\",\"potentialAction\":[{\"@type\":\"ReadAction\",\"target\":[\"https:\\\/\\\/lautrecompagnie.be\\\/en\\\/contact\\\/\"]}]},{\"@type\":\"ImageObject\",\"inLanguage\":\"en-US\",\"@id\":\"https:\\\/\\\/lautrecompagnie.be\\\/en\\\/contact\\\/#primaryimage\",\"url\":\"https:\\\/\\\/lautrecompagnie.be\\\/wp\\\/assets\\\/uploads\\\/2019\\\/06\\\/autrecie-contact.svg\",\"contentUrl\":\"https:\\\/\\\/lautrecompagnie.be\\\/wp\\\/assets\\\/uploads\\\/2019\\\/06\\\/autrecie-contact.svg\"},{\"@type\":\"BreadcrumbList\",\"@id\":\"https:\\\/\\\/lautrecompagnie.be\\\/en\\\/contact\\\/#breadcrumb\",\"itemListElement\":[{\"@type\":\"ListItem\",\"position\":1,\"name\":\"Accueil\",\"item\":\"https:\\\/\\\/lautrecompagnie.be\\\/en\\\/\"},{\"@type\":\"ListItem\",\"position\":2,\"name\":\"contact\"}]},{\"@type\":\"WebSite\",\"@id\":\"https:\\\/\\\/lautrecompagnie.be\\\/en\\\/#website\",\"url\":\"https:\\\/\\\/lautrecompagnie.be\\\/en\\\/\",\"name\":\"L'Autre Compagnie\",\"description\":\"\",\"publisher\":{\"@id\":\"https:\\\/\\\/lautrecompagnie.be\\\/en\\\/#organization\"},\"potentialAction\":[{\"@type\":\"SearchAction\",\"target\":{\"@type\":\"EntryPoint\",\"urlTemplate\":\"https:\\\/\\\/lautrecompagnie.be\\\/en\\\/?s={search_term_string}\"},\"query-input\":{\"@type\":\"PropertyValueSpecification\",\"valueRequired\":true,\"valueName\":\"search_term_string\"}}],\"inLanguage\":\"en-US\"},{\"@type\":\"Organization\",\"@id\":\"https:\\\/\\\/lautrecompagnie.be\\\/en\\\/#organization\",\"name\":\"L'Autre Compagnie\",\"url\":\"https:\\\/\\\/lautrecompagnie.be\\\/en\\\/\",\"logo\":{\"@type\":\"ImageObject\",\"inLanguage\":\"en-US\",\"@id\":\"https:\\\/\\\/lautrecompagnie.be\\\/en\\\/#\\\/schema\\\/logo\\\/image\\\/\",\"url\":\"https:\\\/\\\/lautrecompagnie.be\\\/wp\\\/assets\\\/uploads\\\/2019\\\/06\\\/autrecie-contact.svg\",\"contentUrl\":\"https:\\\/\\\/lautrecompagnie.be\\\/wp\\\/assets\\\/uploads\\\/2019\\\/06\\\/autrecie-contact.svg\",\"caption\":\"L'Autre Compagnie\"},\"image\":{\"@id\":\"https:\\\/\\\/lautrecompagnie.be\\\/en\\\/#\\\/schema\\\/logo\\\/image\\\/\"}}]}<\/script>\n<!-- \/ Yoast SEO plugin. -->","yoast_head_json":{"title":"contact - L&#039;Autre Compagnie","description":"L\u2019Autre Compagnie est une structure de post-production sp\u00e9cialis\u00e9e dans la r\u00e9alisation d\u2019effets sp\u00e9ciaux num\u00e9riques. L\u2019Autre Compagnie et ses infographistes 2D & 3D vous accompagnent dans l\u2019\u00e9tude, la supervision et la r\u00e9alisation de vos effets sp\u00e9ciaux num\u00e9riques.","robots":{"index":"index","follow":"follow","max-snippet":"max-snippet:-1","max-image-preview":"max-image-preview:large","max-video-preview":"max-video-preview:-1"},"canonical":"https:\/\/lautrecompagnie.be\/en\/contact\/","og_locale":"en_US","og_type":"article","og_title":"contact - L&#039;Autre Compagnie","og_description":"L\u2019Autre Compagnie est une structure de post-production sp\u00e9cialis\u00e9e dans la r\u00e9alisation d\u2019effets sp\u00e9ciaux num\u00e9riques. L\u2019Autre Compagnie et ses infographistes 2D & 3D vous accompagnent dans l\u2019\u00e9tude, la supervision et la r\u00e9alisation de vos effets sp\u00e9ciaux num\u00e9riques.","og_url":"https:\/\/lautrecompagnie.be\/en\/contact\/","og_site_name":"L&#039;Autre Compagnie","article_modified_time":"2025-09-15T14:46:12+00:00","twitter_card":"summary_large_image","twitter_misc":{"Est. reading time":"2 minutes"},"schema":{"@context":"https:\/\/schema.org","@graph":[{"@type":"WebPage","@id":"https:\/\/lautrecompagnie.be\/en\/contact\/","url":"https:\/\/lautrecompagnie.be\/en\/contact\/","name":"contact - L&#039;Autre Compagnie","isPartOf":{"@id":"https:\/\/lautrecompagnie.be\/en\/#website"},"primaryImageOfPage":{"@id":"https:\/\/lautrecompagnie.be\/en\/contact\/#primaryimage"},"image":{"@id":"https:\/\/lautrecompagnie.be\/en\/contact\/#primaryimage"},"thumbnailUrl":"https:\/\/lautrecompagnie.be\/wp\/assets\/uploads\/2019\/06\/autrecie-contact.svg","datePublished":"2019-06-27T11:05:55+00:00","dateModified":"2025-09-15T14:46:12+00:00","description":"L\u2019Autre Compagnie est une structure de post-production sp\u00e9cialis\u00e9e dans la r\u00e9alisation d\u2019effets sp\u00e9ciaux num\u00e9riques. L\u2019Autre Compagnie et ses infographistes 2D & 3D vous accompagnent dans l\u2019\u00e9tude, la supervision et la r\u00e9alisation de vos effets sp\u00e9ciaux num\u00e9riques.","breadcrumb":{"@id":"https:\/\/lautrecompagnie.be\/en\/contact\/#breadcrumb"},"inLanguage":"en-US","potentialAction":[{"@type":"ReadAction","target":["https:\/\/lautrecompagnie.be\/en\/contact\/"]}]},{"@type":"ImageObject","inLanguage":"en-US","@id":"https:\/\/lautrecompagnie.be\/en\/contact\/#primaryimage","url":"https:\/\/lautrecompagnie.be\/wp\/assets\/uploads\/2019\/06\/autrecie-contact.svg","contentUrl":"https:\/\/lautrecompagnie.be\/wp\/assets\/uploads\/2019\/06\/autrecie-contact.svg"},{"@type":"BreadcrumbList","@id":"https:\/\/lautrecompagnie.be\/en\/contact\/#breadcrumb","itemListElement":[{"@type":"ListItem","position":1,"name":"Accueil","item":"https:\/\/lautrecompagnie.be\/en\/"},{"@type":"ListItem","position":2,"name":"contact"}]},{"@type":"WebSite","@id":"https:\/\/lautrecompagnie.be\/en\/#website","url":"https:\/\/lautrecompagnie.be\/en\/","name":"L'Autre Compagnie","description":"","publisher":{"@id":"https:\/\/lautrecompagnie.be\/en\/#organization"},"potentialAction":[{"@type":"SearchAction","target":{"@type":"EntryPoint","urlTemplate":"https:\/\/lautrecompagnie.be\/en\/?s={search_term_string}"},"query-input":{"@type":"PropertyValueSpecification","valueRequired":true,"valueName":"search_term_string"}}],"inLanguage":"en-US"},{"@type":"Organization","@id":"https:\/\/lautrecompagnie.be\/en\/#organization","name":"L'Autre Compagnie","url":"https:\/\/lautrecompagnie.be\/en\/","logo":{"@type":"ImageObject","inLanguage":"en-US","@id":"https:\/\/lautrecompagnie.be\/en\/#\/schema\/logo\/image\/","url":"https:\/\/lautrecompagnie.be\/wp\/assets\/uploads\/2019\/06\/autrecie-contact.svg","contentUrl":"https:\/\/lautrecompagnie.be\/wp\/assets\/uploads\/2019\/06\/autrecie-contact.svg","caption":"L'Autre Compagnie"},"image":{"@id":"https:\/\/lautrecompagnie.be\/en\/#\/schema\/logo\/image\/"}}]}},"_links":{"self":[{"href":"https:\/\/lautrecompagnie.be\/en\/wp-json\/wp\/v2\/pages\/110","targetHints":{"allow":["GET"]}}],"collection":[{"href":"https:\/\/lautrecompagnie.be\/en\/wp-json\/wp\/v2\/pages"}],"about":[{"href":"https:\/\/lautrecompagnie.be\/en\/wp-json\/wp\/v2\/types\/page"}],"author":[{"embeddable":true,"href":"https:\/\/lautrecompagnie.be\/en\/wp-json\/wp\/v2\/users\/2"}],"replies":[{"embeddable":true,"href":"https:\/\/lautrecompagnie.be\/en\/wp-json\/wp\/v2\/comments?post=110"}],"version-history":[{"count":3,"href":"https:\/\/lautrecompagnie.be\/en\/wp-json\/wp\/v2\/pages\/110\/revisions"}],"predecessor-version":[{"id":630,"href":"https:\/\/lautrecompagnie.be\/en\/wp-json\/wp\/v2\/pages\/110\/revisions\/630"}],"wp:attachment":[{"href":"https:\/\/lautrecompagnie.be\/en\/wp-json\/wp\/v2\/media?parent=110"}],"curies":[{"name":"wp","href":"https:\/\/api.w.org\/{rel}","templated":true}]}}